{"id":4753,"date":"2023-03-01T00:32:13","date_gmt":"2023-03-01T05:32:13","guid":{"rendered":"https:\/\/cnib-accesslabs.ca\/inscrivez\/"},"modified":"2024-04-09T10:55:58","modified_gmt":"2024-04-09T14:55:58","slug":"inscrivez","status":"publish","type":"page","link":"https:\/\/cnib-accesslabs.ca\/fr\/inscrivez\/","title":{"rendered":"Inscrivez"},"content":{"rendered":"\n<div><form aria-label=\"inscrivez\" class=\"js-cm-form\" id=\"subForm\" action=\"https:\/\/www.createsend.com\/t\/subscribeerror?description=\" method=\"post\" data-id=\"92D4C54F0FEC16E5ADC2B1904DE9ED1A9B19FD8F1A788DB3B2CC0CAAC620346D706C129A14C25B244A8DA64785956396D0B971C389C25E1897B6E22EEEF92FB2\"><div class=\"required-disclaimer\"><span class=\"required\">*<\/span> indique un champ obligatoire<\/div><div><div><label for=\"fieldtrgiry\">Pr\u00e9nom <span class=\"required\">*<\/span><\/label><input id=\"fieldtrgiry\" maxlength=\"200\" name=\"cm-f-trgiry\" required=\"\"\/><\/div><div><label for=\"fieldtrgirj\">Nom <\/label><input id=\"fieldtrgirj\" maxlength=\"200\" name=\"cm-f-trgirj\"\/><\/div><div><label for=\"fieldEmail\">Adresse \u00e9lectronique <span class=\"required\">*<\/span><\/label><input autocomplete=\"Adresse \u00e9lectronique\" class=\"js-cm-email-input qa-input-email\" id=\"fieldEmail\" maxlength=\"200\" name=\"cm-tldhudu-tldhudu\" required=\"\" type=\"email\"\/><\/div><div><div><label class=\"checkbox-custom\"><input aria-required=\"\" id=\"cm-privacy-consent\" name=\"cm-privacy-consent\" required=\"\" type=\"checkbox\"\/><span class=\"checkmark\"><\/span><label for=\"cm-privacy-consent\">Oui, je souhaite recevoir des messages \u00e9lectroniques conform\u00e9ment \u00e0 mon abonnement. Je comprends que je peux me d\u00e9sabonner \u00e0 tout moment.<\/label><\/label><\/div><input id=\"cm-privacy-consent-hidden\" name=\"cm-privacy-consent-hidden\" type=\"hidden\" value=\"true\"\/><\/div><\/div><button type=\"submit\">Inscrivez-vous<\/button><\/form><\/div><script type=\"text\/javascript\" src=\"https:\/\/js.createsend1.com\/javascript\/copypastesubscribeformlogic.js\"><\/script>\n","protected":false},"excerpt":{"rendered":"<p>* indique un champ obligatoire Pr\u00e9nom * Nom Adresse \u00e9lectronique * Oui, je souhaite recevoir des messages \u00e9lectroniques conform\u00e9ment \u00e0 mon abonnement. Je comprends que je peux me d\u00e9sabonner \u00e0 tout moment. Inscrivez-vous<\/p>\n","protected":false},"author":196411451,"featured_media":0,"parent":0,"menu_order":0,"comment_status":"closed","ping_status":"closed","template":"template-nosubscribe.php","meta":{"_acf_changed":false,"_gspb_post_css":"","inline_featured_image":false,"jetpack_post_was_ever_published":false,"footnotes":""},"class_list":["post-4753","page","type-page","status-publish","hentry","entry"],"acf":[],"yoast_head":"<!-- This site is optimized with the Yoast SEO plugin v27.3 - https:\/\/yoast.com\/product\/yoast-seo-wordpress\/ -->\n<title>Inscrivez - CNIB Access Labs<\/title>\n<meta name=\"robots\" content=\"index, follow, max-snippet:-1, max-image-preview:large, max-video-preview:-1\" \/>\n<link rel=\"canonical\" href=\"https:\/\/cnib-accesslabs.ca\/fr\/inscrivez\/\" \/>\n<meta property=\"og:locale\" content=\"fr_FR\" \/>\n<meta property=\"og:type\" content=\"article\" \/>\n<meta property=\"og:title\" content=\"Inscrivez - CNIB Access Labs\" \/>\n<meta property=\"og:description\" content=\"* indique un champ obligatoire Pr\u00e9nom * Nom Adresse \u00e9lectronique * Oui, je souhaite recevoir des messages \u00e9lectroniques conform\u00e9ment \u00e0 mon abonnement. Je comprends que je peux me d\u00e9sabonner \u00e0 tout moment. Inscrivez-vous\" \/>\n<meta property=\"og:url\" content=\"https:\/\/cnib-accesslabs.ca\/fr\/inscrivez\/\" \/>\n<meta property=\"og:site_name\" content=\"CNIB Access Labs\" \/>\n<meta property=\"article:modified_time\" content=\"2024-04-09T14:55:58+00:00\" \/>\n<meta name=\"twitter:card\" content=\"summary_large_image\" \/>\n<meta name=\"twitter:label1\" content=\"Dur\u00e9e de lecture estim\u00e9e\" \/>\n\t<meta name=\"twitter:data1\" content=\"1 minute\" \/>\n<script type=\"application\/ld+json\" class=\"yoast-schema-graph\">{\"@context\":\"https:\\\/\\\/schema.org\",\"@graph\":[{\"@type\":\"WebPage\",\"@id\":\"https:\\\/\\\/cnib-accesslabs.ca\\\/fr\\\/inscrivez\\\/\",\"url\":\"https:\\\/\\\/cnib-accesslabs.ca\\\/fr\\\/inscrivez\\\/\",\"name\":\"Inscrivez - CNIB Access Labs\",\"isPartOf\":{\"@id\":\"https:\\\/\\\/cnib-accesslabs.ca\\\/#website\"},\"datePublished\":\"2023-03-01T05:32:13+00:00\",\"dateModified\":\"2024-04-09T14:55:58+00:00\",\"breadcrumb\":{\"@id\":\"https:\\\/\\\/cnib-accesslabs.ca\\\/fr\\\/inscrivez\\\/#breadcrumb\"},\"inLanguage\":\"fr-FR\",\"potentialAction\":[{\"@type\":\"ReadAction\",\"target\":[\"https:\\\/\\\/cnib-accesslabs.ca\\\/fr\\\/inscrivez\\\/\"]}]},{\"@type\":\"BreadcrumbList\",\"@id\":\"https:\\\/\\\/cnib-accesslabs.ca\\\/fr\\\/inscrivez\\\/#breadcrumb\",\"itemListElement\":[{\"@type\":\"ListItem\",\"position\":1,\"name\":\"Home\",\"item\":\"https:\\\/\\\/cnib-accesslabs.ca\\\/fr\\\/\"},{\"@type\":\"ListItem\",\"position\":2,\"name\":\"Inscrivez\"}]},{\"@type\":\"WebSite\",\"@id\":\"https:\\\/\\\/cnib-accesslabs.ca\\\/#website\",\"url\":\"https:\\\/\\\/cnib-accesslabs.ca\\\/\",\"name\":\"CNIB Access Labs\",\"description\":\"\",\"publisher\":{\"@id\":\"https:\\\/\\\/cnib-accesslabs.ca\\\/#organization\"},\"potentialAction\":[{\"@type\":\"SearchAction\",\"target\":{\"@type\":\"EntryPoint\",\"urlTemplate\":\"https:\\\/\\\/cnib-accesslabs.ca\\\/?s={search_term_string}\"},\"query-input\":{\"@type\":\"PropertyValueSpecification\",\"valueRequired\":true,\"valueName\":\"search_term_string\"}}],\"inLanguage\":\"fr-FR\"},{\"@type\":\"Organization\",\"@id\":\"https:\\\/\\\/cnib-accesslabs.ca\\\/#organization\",\"name\":\"CNIB Access Labs\",\"url\":\"https:\\\/\\\/cnib-accesslabs.ca\\\/\",\"logo\":{\"@type\":\"ImageObject\",\"inLanguage\":\"fr-FR\",\"@id\":\"https:\\\/\\\/cnib-accesslabs.ca\\\/#\\\/schema\\\/logo\\\/image\\\/\",\"url\":\"https:\\\/\\\/i0.wp.com\\\/cnib-accesslabs.ca\\\/wp-content\\\/uploads\\\/2023\\\/08\\\/23-0008-CNIB_FA_NEW-NAMES_ENG_v9_ACCLABS_FR-1.png?fit=4005%2C1499&ssl=1\",\"contentUrl\":\"https:\\\/\\\/i0.wp.com\\\/cnib-accesslabs.ca\\\/wp-content\\\/uploads\\\/2023\\\/08\\\/23-0008-CNIB_FA_NEW-NAMES_ENG_v9_ACCLABS_FR-1.png?fit=4005%2C1499&ssl=1\",\"width\":4005,\"height\":1499,\"caption\":\"CNIB Access Labs\"},\"image\":{\"@id\":\"https:\\\/\\\/cnib-accesslabs.ca\\\/#\\\/schema\\\/logo\\\/image\\\/\"}}]}<\/script>\n<!-- \/ Yoast SEO plugin. -->","yoast_head_json":{"title":"Inscrivez - CNIB Access Labs","robots":{"index":"index","follow":"follow","max-snippet":"max-snippet:-1","max-image-preview":"max-image-preview:large","max-video-preview":"max-video-preview:-1"},"canonical":"https:\/\/cnib-accesslabs.ca\/fr\/inscrivez\/","og_locale":"fr_FR","og_type":"article","og_title":"Inscrivez - CNIB Access Labs","og_description":"* indique un champ obligatoire Pr\u00e9nom * Nom Adresse \u00e9lectronique * Oui, je souhaite recevoir des messages \u00e9lectroniques conform\u00e9ment \u00e0 mon abonnement. Je comprends que je peux me d\u00e9sabonner \u00e0 tout moment. Inscrivez-vous","og_url":"https:\/\/cnib-accesslabs.ca\/fr\/inscrivez\/","og_site_name":"CNIB Access Labs","article_modified_time":"2024-04-09T14:55:58+00:00","twitter_card":"summary_large_image","twitter_misc":{"Dur\u00e9e de lecture estim\u00e9e":"1 minute"},"schema":{"@context":"https:\/\/schema.org","@graph":[{"@type":"WebPage","@id":"https:\/\/cnib-accesslabs.ca\/fr\/inscrivez\/","url":"https:\/\/cnib-accesslabs.ca\/fr\/inscrivez\/","name":"Inscrivez - CNIB Access Labs","isPartOf":{"@id":"https:\/\/cnib-accesslabs.ca\/#website"},"datePublished":"2023-03-01T05:32:13+00:00","dateModified":"2024-04-09T14:55:58+00:00","breadcrumb":{"@id":"https:\/\/cnib-accesslabs.ca\/fr\/inscrivez\/#breadcrumb"},"inLanguage":"fr-FR","potentialAction":[{"@type":"ReadAction","target":["https:\/\/cnib-accesslabs.ca\/fr\/inscrivez\/"]}]},{"@type":"BreadcrumbList","@id":"https:\/\/cnib-accesslabs.ca\/fr\/inscrivez\/#breadcrumb","itemListElement":[{"@type":"ListItem","position":1,"name":"Home","item":"https:\/\/cnib-accesslabs.ca\/fr\/"},{"@type":"ListItem","position":2,"name":"Inscrivez"}]},{"@type":"WebSite","@id":"https:\/\/cnib-accesslabs.ca\/#website","url":"https:\/\/cnib-accesslabs.ca\/","name":"CNIB Access Labs","description":"","publisher":{"@id":"https:\/\/cnib-accesslabs.ca\/#organization"},"potentialAction":[{"@type":"SearchAction","target":{"@type":"EntryPoint","urlTemplate":"https:\/\/cnib-accesslabs.ca\/?s={search_term_string}"},"query-input":{"@type":"PropertyValueSpecification","valueRequired":true,"valueName":"search_term_string"}}],"inLanguage":"fr-FR"},{"@type":"Organization","@id":"https:\/\/cnib-accesslabs.ca\/#organization","name":"CNIB Access Labs","url":"https:\/\/cnib-accesslabs.ca\/","logo":{"@type":"ImageObject","inLanguage":"fr-FR","@id":"https:\/\/cnib-accesslabs.ca\/#\/schema\/logo\/image\/","url":"https:\/\/i0.wp.com\/cnib-accesslabs.ca\/wp-content\/uploads\/2023\/08\/23-0008-CNIB_FA_NEW-NAMES_ENG_v9_ACCLABS_FR-1.png?fit=4005%2C1499&ssl=1","contentUrl":"https:\/\/i0.wp.com\/cnib-accesslabs.ca\/wp-content\/uploads\/2023\/08\/23-0008-CNIB_FA_NEW-NAMES_ENG_v9_ACCLABS_FR-1.png?fit=4005%2C1499&ssl=1","width":4005,"height":1499,"caption":"CNIB Access Labs"},"image":{"@id":"https:\/\/cnib-accesslabs.ca\/#\/schema\/logo\/image\/"}}]}},"jetpack_sharing_enabled":true,"jetpack_shortlink":"https:\/\/wp.me\/Pehsta-1eF","_links":{"self":[{"href":"https:\/\/cnib-accesslabs.ca\/fr\/wp-json\/wp\/v2\/pages\/4753","targetHints":{"allow":["GET"]}}],"collection":[{"href":"https:\/\/cnib-accesslabs.ca\/fr\/wp-json\/wp\/v2\/pages"}],"about":[{"href":"https:\/\/cnib-accesslabs.ca\/fr\/wp-json\/wp\/v2\/types\/page"}],"author":[{"embeddable":true,"href":"https:\/\/cnib-accesslabs.ca\/fr\/wp-json\/wp\/v2\/users\/196411451"}],"replies":[{"embeddable":true,"href":"https:\/\/cnib-accesslabs.ca\/fr\/wp-json\/wp\/v2\/comments?post=4753"}],"version-history":[{"count":10,"href":"https:\/\/cnib-accesslabs.ca\/fr\/wp-json\/wp\/v2\/pages\/4753\/revisions"}],"predecessor-version":[{"id":5801,"href":"https:\/\/cnib-accesslabs.ca\/fr\/wp-json\/wp\/v2\/pages\/4753\/revisions\/5801"}],"wp:attachment":[{"href":"https:\/\/cnib-accesslabs.ca\/fr\/wp-json\/wp\/v2\/media?parent=4753"}],"curies":[{"name":"wp","href":"https:\/\/api.w.org\/{rel}","templated":true}]}}