{"id":4243,"date":"2023-08-08T20:45:43","date_gmt":"2023-08-09T03:45:43","guid":{"rendered":"https:\/\/cnib-accesslabs.ca\/devenez-un-verificateur-de-laccessibilite\/"},"modified":"2023-11-15T01:15:35","modified_gmt":"2023-11-15T09:15:35","slug":"devenez-un-testeur","status":"publish","type":"page","link":"https:\/\/cnib-accesslabs.ca\/fr\/devenez-un-testeur\/","title":{"rendered":"Devenez un v\u00e9rificateur de l\u2019accessibilit\u00e9"},"content":{"rendered":"\n<div class=\"wp-block-cover alignfull is-light is-style-image-right\" style=\"min-height:600px;aspect-ratio:unset;\"><span aria-hidden=\"true\" class=\"wp-block-cover__background has-primary-background-color has-background-dim-100 has-background-dim\"><\/span><div class=\"wp-block-cover__inner-container is-layout-flow wp-block-cover-is-layout-flow\">\n<div class=\"wp-block-columns is-layout-flex wp-container-core-columns-is-layout-9d6595d7 wp-block-columns-is-layout-flex\">\n<div class=\"wp-block-column is-layout-flow wp-block-column-is-layout-flow\">\n<div id=\"headline\"><\/div><h1 id=\"gspb_heading-id-gsbp-ad8c715e-f7d0\" class=\"gspb_heading gspb_heading-id-gsbp-ad8c715e-f7d0 \"><strong>Devenez un v\u00e9rificateur de l\u2019accessibilit\u00e9<\/strong><\/h1><span class=\"gspb_heading_subtitle\" id=\"gspb_subheading-id-gsbp-ad8c715e-f7d0\"><\/span>\n\n\n\n<p>Aux Laboratoires d&rsquo;accessibilit\u00e9 d&rsquo;INCA, nous croyons que la perte de vision ne devrait jamais emp\u00eacher quelqu&rsquo;un de poursuivre ses r\u00eaves ou de r\u00e9aliser son plein potentiel. Nous avons pour mission de constituer une \u00e9quipe diversifi\u00e9e et inclusive de v\u00e9rificateurs de l&rsquo;accessibilit\u00e9 passionn\u00e9s par l&rsquo;id\u00e9e d&rsquo;aider les entreprises \u00e0 innover et \u00e0 devenir plus accessibles \u00e0 tous. <\/p>\n\n\n\n<p>Nous nous engageons \u00e0 offrir aux personnes en situation de handicap la possibilit\u00e9 de d\u00e9velopper leur carri\u00e8re et d&rsquo;avoir un impact dans tous les grands secteurs d&rsquo;activit\u00e9.<\/p>\n<\/div>\n\n\n\n<div class=\"wp-block-column is-layout-flow wp-block-column-is-layout-flow\">\n<figure class=\"wp-block-image size-large\"><img data-recalc-dims=\"1\" loading=\"lazy\" decoding=\"async\" width=\"620\" height=\"414\" src=\"https:\/\/i0.wp.com\/cnib-accesslabs.ca\/wp-content\/uploads\/2023\/08\/tester-banner.webp?resize=620%2C414&#038;ssl=1\" alt=\"Une jeune femme scanne un produit \u00e0 un terminal de paiement accessible dans une grande surface. Elle porte un chandail gris \u00e0 col roul\u00e9 et sourit.\" class=\"wp-image-4546\" srcset=\"https:\/\/i0.wp.com\/cnib-accesslabs.ca\/wp-content\/uploads\/2023\/08\/tester-banner.webp?resize=1024%2C683&amp;ssl=1 1024w, https:\/\/i0.wp.com\/cnib-accesslabs.ca\/wp-content\/uploads\/2023\/08\/tester-banner.webp?resize=300%2C200&amp;ssl=1 300w, https:\/\/i0.wp.com\/cnib-accesslabs.ca\/wp-content\/uploads\/2023\/08\/tester-banner.webp?resize=768%2C512&amp;ssl=1 768w, https:\/\/i0.wp.com\/cnib-accesslabs.ca\/wp-content\/uploads\/2023\/08\/tester-banner.webp?resize=1200%2C800&amp;ssl=1 1200w, https:\/\/i0.wp.com\/cnib-accesslabs.ca\/wp-content\/uploads\/2023\/08\/tester-banner.webp?resize=660%2C440&amp;ssl=1 660w, https:\/\/i0.wp.com\/cnib-accesslabs.ca\/wp-content\/uploads\/2023\/08\/tester-banner.webp?w=1300&amp;ssl=1 1300w\" sizes=\"auto, (max-width: 620px) 100vw, 620px\" \/><\/figure>\n<\/div>\n<\/div>\n<\/div><\/div>\n\n\n\n<div class=\"wp-block-greenshift-blocks-container gspb_container gspb_container-gsbp-fbf461a5-6ac4\" id=\"gspb_container-id-gsbp-fbf461a5-6ac4\">\n<div class=\"wp-block-greenshift-blocks-row gspb_row gspb_row-id-gsbp-a974080e-1460 gspb_row--gutter-custom-0\" id=\"gspb_row-id-gsbp-a974080e-1460\"><div class=\"gspb_row__content\"> \n<div class=\"wp-block-greenshift-blocks-row-column gspb_row__col--6 gspb_row__col--md-12 gspb_col-id-gsbp-b8f165ad-d8ca\" id=\"gspb_col-id-gsbp-b8f165ad-d8ca\">\n<h2 id=\"gspb_heading-id-gsbp-7455257e-60db\" class=\"gspb_heading gspb_heading-id-gsbp-7455257e-60db \"><strong>Co-concevoir des produits en pensant \u00e0 l&rsquo;utilisateur final<\/strong><\/h2>\n\n\n\n<p>En tant que v\u00e9rificateurs de l&rsquo;accessibilit\u00e9, vous aurez l&rsquo;occasion de changer les choses en aidant les organisations \u00e0 concevoir des produits en pensant \u00e0 l&rsquo;utilisateur final. Vous ferez partie int\u00e9grante d&rsquo;une \u00e9quipe qui aide les entreprises \u00e0 am\u00e9liorer la qualit\u00e9 de leurs produits et services, et qui a un impact positif sur leurs r\u00e9sultats.<\/p>\n<\/div>\n\n\n\n<div class=\"wp-block-greenshift-blocks-row-column gspb_row__col--6 gspb_row__col--md-12 gspb_col-id-gsbp-fb40531c-2ee8\" id=\"gspb_col-id-gsbp-fb40531c-2ee8\">\n<div class=\"wp-block-greenshift-blocks-image gspb_image gspb_image-id-gsbp-e2230365-a55d\" id=\"gspb_image-id-gsbp-e2230365-a55d\"><img data-recalc-dims=\"1\" loading=\"lazy\" decoding=\"async\" src=\"https:\/\/i0.wp.com\/cnib-accesslabs.ca\/wp-content\/uploads\/2023\/08\/ux-indonesia-8mikJ83LmSQ-unsplash.jpg?resize=595%2C595&#038;ssl=1\" data-src=\"\" alt=\"Deux v\u00e9rificateurs UX r\u00e9fl\u00e9chissent ensemble sur une table de bureau, devant des feuilles d'id\u00e9es et de concepts. Ils ont devant eux des feuilles contenant des id\u00e9es et des concepts .\" width=\"595\" height=\"595\"\/><\/div>\n<\/div>\n <\/div><\/div>\n\n\n\n<div class=\"wp-block-greenshift-blocks-row gspb_row gspb_row-id-gsbp-22197474-d5ec gspb_row--gutter-custom-0\" id=\"gspb_row-id-gsbp-22197474-d5ec\"><div class=\"gspb_row__content\"> \n<div class=\"wp-block-greenshift-blocks-row-column gspb_row__col--6 gspb_row__col--md-12 gspb_col-id-gsbp-b693def7-5932\" id=\"gspb_col-id-gsbp-b693def7-5932\">\n<div class=\"wp-block-greenshift-blocks-image gspb_image gspb_image-id-gsbp-39163d47-a553\" id=\"gspb_image-id-gsbp-39163d47-a553\"><img data-recalc-dims=\"1\" loading=\"lazy\" decoding=\"async\" src=\"https:\/\/i0.wp.com\/cnib-accesslabs.ca\/wp-content\/uploads\/2023\/08\/tester-impact.webp?resize=595%2C595&#038;ssl=1\" data-src=\"\" alt=\"Un groupe de travailleurs multiraciaux collabore dans un espace de bureau. Ils se congratulent avec le poing en signe d'unit\u00e9 et de travail d'\u00e9quipe.\" width=\"595\" height=\"595\"\/><\/div>\n<\/div>\n\n\n\n<div class=\"wp-block-greenshift-blocks-row-column gspb_row__col--6 gspb_row__col--md-12 gspb_col-id-gsbp-fb5c8cf9-598e\" id=\"gspb_col-id-gsbp-fb5c8cf9-598e\">\n<h2 id=\"gspb_heading-id-gsbp-7a891281-aa4b\" class=\"gspb_heading gspb_heading-id-gsbp-7a891281-aa4b \"><strong>Un impact majeur sur l&rsquo;accessibilit\u00e9<\/strong><\/h2>\n\n\n\n<p>You&rsquo;ll help organizations reach a wider audience, including an untapped market of people with disabilities. By collaborating with CNIB Access Labs, you&rsquo;ll be making a meaningful contribution to society, while also building a successful and rewarding career.<\/p>\n<\/div>\n <\/div><\/div>\n<\/div>\n\n\n\n<div class=\"wp-block-greenshift-blocks-container gspb_container gspb_container-gsbp-48a69b40-ef5f\" id=\"gspb_container-id-gsbp-48a69b40-ef5f\">\n<h2 id=\"gspb_heading-id-gsbp-9f5e1421-b5fb\" class=\"gspb_heading gspb_heading-id-gsbp-9f5e1421-b5fb \"><strong>Joignez-vous \u00e0 notre \u00e9quipe de v\u00e9rificateurs qui ne cesse de s&rsquo;agrandir.<\/strong><\/h2>\n\n\n\n<p style=\"padding-bottom:25px\">Construisons un avenir plus inclusif et plus accessible pour tous. Devenez un v\u00e9rificateur de l&rsquo;accessibilit\u00e9 d\u00e8s aujourd&rsquo;hui. <\/p>\n\n\n\n<div class=\"wp-block-buttons is-content-justification-center is-layout-flex wp-container-core-buttons-is-layout-16018d1d wp-block-buttons-is-layout-flex\">\n<div class=\"wp-block-button is-style-outline is-style-outline--1\"><a class=\"wp-block-button__link has-text-align-left wp-element-button\" href=\"https:\/\/cnib-accesslabs.ca\/fr\/contactez-nous\/\">Contactez-nous<\/a><\/div>\n<\/div>\n<\/div>\n","protected":false},"excerpt":{"rendered":"","protected":false},"author":196411451,"featured_media":0,"parent":0,"menu_order":0,"comment_status":"closed","ping_status":"closed","template":"","meta":{"_acf_changed":false,"_gspb_post_css":"#gspb_heading-id-gsbp-7455257e-60db{padding-bottom:15px}#gspb_image-id-gsbp-e2230365-a55d{text-align:left;height:595px}#gspb_image-id-gsbp-e2230365-a55d img{object-fit:cover;vertical-align:top;display:inline-block;box-sizing:border-box;max-width:100%;box-shadow:30px 30px 0 0 #fff200;width:595px}@media (max-width:991.98px){#gspb_image-id-gsbp-e2230365-a55d img{width:992px}}@media (max-width:767.98px){#gspb_image-id-gsbp-e2230365-a55d img{width:768px}}#gspb_image-id-gsbp-e2230365-a55d img{height:595px}@media (max-width:767.98px){#gspb_image-id-gsbp-e2230365-a55d,#gspb_image-id-gsbp-e2230365-a55d img{height:350px}}#gspb_row-id-gsbp-a974080e-1460{justify-content:space-between;display:flex;flex-wrap:wrap;align-content:center;margin-top:100px;margin-bottom:100px}#gspb_row-id-gsbp-a974080e-1460>.gspb_row__content{display:flex;margin:0 auto;width:100%;flex-wrap:wrap}.gspb_row{position:relative}div[id^=gspb_col-id]{padding:15px min(3vw,20px);box-sizing:border-box;position:relative}@media (max-width:991.98px){#gspb_row-id-gsbp-a974080e-1460>.gspb_row__content{row-gap:75px}}#gspb_row-id-gsbp-a974080e-1460>.gspb_row__content{max-width:1290px;align-items:center;justify-content:space-between}@media (max-width:991.98px){#gspb_row-id-gsbp-a974080e-1460>.gspb_row__content{max-width:100%}}@media (max-width:767.98px){#gspb_row-id-gsbp-a974080e-1460{margin-top:50px;margin-bottom:50px}}#gspb_image-id-gsbp-39163d47-a553{text-align:left;height:595px}#gspb_image-id-gsbp-39163d47-a553 img{object-fit:cover;vertical-align:top;display:inline-block;box-sizing:border-box;max-width:100%;box-shadow:30px 30px 0 0 #fff200;width:595px}@media (max-width:991.98px){#gspb_image-id-gsbp-39163d47-a553 img{width:992px}}@media (max-width:767.98px){#gspb_image-id-gsbp-39163d47-a553 img{width:768px}}#gspb_image-id-gsbp-39163d47-a553 img{height:595px}@media (max-width:767.98px){#gspb_image-id-gsbp-39163d47-a553,#gspb_image-id-gsbp-39163d47-a553 img{height:350px}}#gspb_heading-id-gsbp-7a891281-aa4b{padding-bottom:15px}#gspb_row-id-gsbp-22197474-d5ec{justify-content:space-between;margin-top:0;display:flex;flex-wrap:wrap;align-content:center;margin-bottom:100px}#gspb_row-id-gsbp-22197474-d5ec>.gspb_row__content{display:flex;margin:0 auto;width:100%;flex-wrap:wrap}@media (max-width:991.98px){#gspb_row-id-gsbp-22197474-d5ec>.gspb_row__content{row-gap:75px}}#gspb_row-id-gsbp-22197474-d5ec>.gspb_row__content{max-width:1290px;align-items:center;justify-content:space-between}@media (max-width:991.98px){#gspb_row-id-gsbp-22197474-d5ec>.gspb_row__content{max-width:100%}}@media (max-width:767.98px){#gspb_row-id-gsbp-22197474-d5ec{margin-bottom:50px}}#gspb_heading-id-gsbp-9f5e1421-b5fb{margin-bottom:25px}#gspb_heading-id-gsbp-ad8c715e-f7d0,#gspb_heading-id-gsbp-ad8c715e-f7d0 .gsap-g-line{text-align:left!important}#gspb_heading-id-gsbp-ad8c715e-f7d0{margin-bottom:0}#gspb_heading-id-gsbp-ad8c715e-f7d0 .gspb_heading_subtitle,#gspb_subheading-id-gsbp-ad8c715e-f7d0{display:block;line-height:22px;font-size:24px;margin:0 0 5px}#gspb_container-id-gsbp-fbf461a5-6ac4.gspb_container{flex-direction:column;box-sizing:border-box;margin-top:0}#gspb_container-id-gsbp-48a69b40-ef5f.gspb_container>p:last-of-type,#gspb_container-id-gsbp-fbf461a5-6ac4.gspb_container>p:last-of-type{margin-bottom:0}.gspb_container{position:relative}#gspb_col-id-gsbp-b8f165ad-d8ca.gspb_row__col--6{width:calc(50% - 25px)}@media (max-width:991.98px){#gspb_col-id-gsbp-b8f165ad-d8ca.gspb_row__col--6{width:calc(100% - 0px)}}@media (max-width:767.98px){#gspb_col-id-gsbp-b8f165ad-d8ca.gspb_row__col--6{width:calc(100% - 0px)}}@media (max-width:575.98px){#gspb_col-id-gsbp-b8f165ad-d8ca.gspb_row__col--6{width:100%}}@media (max-width:991.98px){#gspb_col-id-gsbp-b8f165ad-d8ca.gspb_row__col--6{order:2}}#gspb_col-id-gsbp-fb40531c-2ee8.gspb_row__col--6{width:calc(50% - 25px)}@media (max-width:991.98px){#gspb_col-id-gsbp-fb40531c-2ee8.gspb_row__col--6{width:calc(100% - 0px)}}@media (max-width:767.98px){#gspb_col-id-gsbp-fb40531c-2ee8.gspb_row__col--6{width:calc(100% - 0px)}}@media (max-width:575.98px){#gspb_col-id-gsbp-fb40531c-2ee8.gspb_row__col--6{width:100%}}@media (max-width:991.98px){#gspb_col-id-gsbp-fb40531c-2ee8.gspb_row__col--6{order:1}}#gspb_col-id-gsbp-b693def7-5932.gspb_row__col--6{width:calc(50% - 25px)}@media (max-width:991.98px){#gspb_col-id-gsbp-b693def7-5932.gspb_row__col--6{width:calc(100% - 0px)}}@media (max-width:767.98px){#gspb_col-id-gsbp-b693def7-5932.gspb_row__col--6{width:calc(100% - 0px)}}@media (max-width:575.98px){#gspb_col-id-gsbp-b693def7-5932.gspb_row__col--6{width:100%}}@media (max-width:991.98px){#gspb_col-id-gsbp-b693def7-5932.gspb_row__col--6{order:1}}#gspb_col-id-gsbp-fb5c8cf9-598e.gspb_row__col--6{width:calc(50% - 25px)}@media (max-width:991.98px){#gspb_col-id-gsbp-fb5c8cf9-598e.gspb_row__col--6{width:calc(100% - 0px)}}@media (max-width:767.98px){#gspb_col-id-gsbp-fb5c8cf9-598e.gspb_row__col--6{width:calc(100% - 0px)}}@media (max-width:575.98px){#gspb_col-id-gsbp-fb5c8cf9-598e.gspb_row__col--6{width:100%}}@media (max-width:991.98px){#gspb_col-id-gsbp-fb5c8cf9-598e.gspb_row__col--6{order:2}}#gspb_container-id-gsbp-48a69b40-ef5f.gspb_container{flex-direction:column;box-sizing:border-box;margin-top:100px;margin-bottom:100px}@media (max-width:991.98px){#gspb_container-id-gsbp-48a69b40-ef5f.gspb_container{padding-right:25px;padding-left:25px}}@media (max-width:767.98px){#gspb_container-id-gsbp-48a69b40-ef5f.gspb_container{margin-top:50px;margin-bottom:50px}}body.gspb-bodyfront #gspb_container-id-gsbp-48a69b40-ef5f.gspb_container{max-width:900px}","inline_featured_image":false,"jetpack_post_was_ever_published":false,"footnotes":""},"class_list":["post-4243","page","type-page","status-publish","hentry","entry"],"acf":[],"yoast_head":"<!-- This site is optimized with the Yoast SEO plugin v27.3 - https:\/\/yoast.com\/product\/yoast-seo-wordpress\/ -->\n<title>Devenez un v\u00e9rificateur de l\u2019accessibilit\u00e9 - CNIB Access Labs<\/title>\n<meta name=\"robots\" content=\"index, follow, max-snippet:-1, max-image-preview:large, max-video-preview:-1\" \/>\n<link rel=\"canonical\" href=\"https:\/\/cnib-accesslabs.ca\/become-a-tester\/\" \/>\n<meta property=\"og:locale\" content=\"fr_FR\" \/>\n<meta property=\"og:type\" content=\"article\" \/>\n<meta property=\"og:title\" content=\"Devenez un v\u00e9rificateur de l\u2019accessibilit\u00e9 - CNIB Access Labs\" \/>\n<meta property=\"og:url\" content=\"https:\/\/cnib-accesslabs.ca\/become-a-tester\/\" \/>\n<meta property=\"og:site_name\" content=\"CNIB Access Labs\" \/>\n<meta property=\"article:modified_time\" content=\"2023-11-15T09:15:35+00:00\" \/>\n<meta property=\"og:image\" content=\"https:\/\/cnib-accesslabs.ca\/wp-content\/uploads\/2023\/08\/tester-banner-1024x683.webp\" \/>\n<meta name=\"twitter:card\" content=\"summary_large_image\" \/>\n<meta name=\"twitter:label1\" content=\"Dur\u00e9e de lecture estim\u00e9e\" \/>\n\t<meta name=\"twitter:data1\" content=\"2 minutes\" \/>\n<script type=\"application\/ld+json\" class=\"yoast-schema-graph\">{\"@context\":\"https:\\\/\\\/schema.org\",\"@graph\":[{\"@type\":\"WebPage\",\"@id\":\"https:\\\/\\\/cnib-accesslabs.ca\\\/become-a-tester\\\/\",\"url\":\"https:\\\/\\\/cnib-accesslabs.ca\\\/become-a-tester\\\/\",\"name\":\"Devenez un v\u00e9rificateur de l\u2019accessibilit\u00e9 - CNIB Access Labs\",\"isPartOf\":{\"@id\":\"https:\\\/\\\/cnib-accesslabs.ca\\\/#website\"},\"primaryImageOfPage\":{\"@id\":\"https:\\\/\\\/cnib-accesslabs.ca\\\/become-a-tester\\\/#primaryimage\"},\"image\":{\"@id\":\"https:\\\/\\\/cnib-accesslabs.ca\\\/become-a-tester\\\/#primaryimage\"},\"thumbnailUrl\":\"https:\\\/\\\/cnib-accesslabs.ca\\\/wp-content\\\/uploads\\\/2023\\\/08\\\/tester-banner-1024x683.webp\",\"datePublished\":\"2023-08-09T03:45:43+00:00\",\"dateModified\":\"2023-11-15T09:15:35+00:00\",\"breadcrumb\":{\"@id\":\"https:\\\/\\\/cnib-accesslabs.ca\\\/become-a-tester\\\/#breadcrumb\"},\"inLanguage\":\"fr-FR\",\"potentialAction\":[{\"@type\":\"ReadAction\",\"target\":[\"https:\\\/\\\/cnib-accesslabs.ca\\\/become-a-tester\\\/\"]}]},{\"@type\":\"ImageObject\",\"inLanguage\":\"fr-FR\",\"@id\":\"https:\\\/\\\/cnib-accesslabs.ca\\\/become-a-tester\\\/#primaryimage\",\"url\":\"https:\\\/\\\/cnib-accesslabs.ca\\\/wp-content\\\/uploads\\\/2023\\\/08\\\/tester-banner-1024x683.webp\",\"contentUrl\":\"https:\\\/\\\/cnib-accesslabs.ca\\\/wp-content\\\/uploads\\\/2023\\\/08\\\/tester-banner-1024x683.webp\"},{\"@type\":\"BreadcrumbList\",\"@id\":\"https:\\\/\\\/cnib-accesslabs.ca\\\/become-a-tester\\\/#breadcrumb\",\"itemListElement\":[{\"@type\":\"ListItem\",\"position\":1,\"name\":\"Home\",\"item\":\"https:\\\/\\\/cnib-accesslabs.ca\\\/fr\\\/\"},{\"@type\":\"ListItem\",\"position\":2,\"name\":\"Devenez un v\u00e9rificateur de l\u2019accessibilit\u00e9\"}]},{\"@type\":\"WebSite\",\"@id\":\"https:\\\/\\\/cnib-accesslabs.ca\\\/#website\",\"url\":\"https:\\\/\\\/cnib-accesslabs.ca\\\/\",\"name\":\"CNIB Access Labs\",\"description\":\"\",\"publisher\":{\"@id\":\"https:\\\/\\\/cnib-accesslabs.ca\\\/#organization\"},\"potentialAction\":[{\"@type\":\"SearchAction\",\"target\":{\"@type\":\"EntryPoint\",\"urlTemplate\":\"https:\\\/\\\/cnib-accesslabs.ca\\\/?s={search_term_string}\"},\"query-input\":{\"@type\":\"PropertyValueSpecification\",\"valueRequired\":true,\"valueName\":\"search_term_string\"}}],\"inLanguage\":\"fr-FR\"},{\"@type\":\"Organization\",\"@id\":\"https:\\\/\\\/cnib-accesslabs.ca\\\/#organization\",\"name\":\"CNIB Access Labs\",\"url\":\"https:\\\/\\\/cnib-accesslabs.ca\\\/\",\"logo\":{\"@type\":\"ImageObject\",\"inLanguage\":\"fr-FR\",\"@id\":\"https:\\\/\\\/cnib-accesslabs.ca\\\/#\\\/schema\\\/logo\\\/image\\\/\",\"url\":\"https:\\\/\\\/i0.wp.com\\\/cnib-accesslabs.ca\\\/wp-content\\\/uploads\\\/2023\\\/08\\\/23-0008-CNIB_FA_NEW-NAMES_ENG_v9_ACCLABS_FR-1.png?fit=4005%2C1499&ssl=1\",\"contentUrl\":\"https:\\\/\\\/i0.wp.com\\\/cnib-accesslabs.ca\\\/wp-content\\\/uploads\\\/2023\\\/08\\\/23-0008-CNIB_FA_NEW-NAMES_ENG_v9_ACCLABS_FR-1.png?fit=4005%2C1499&ssl=1\",\"width\":4005,\"height\":1499,\"caption\":\"CNIB Access Labs\"},\"image\":{\"@id\":\"https:\\\/\\\/cnib-accesslabs.ca\\\/#\\\/schema\\\/logo\\\/image\\\/\"}}]}<\/script>\n<!-- \/ Yoast SEO plugin. -->","yoast_head_json":{"title":"Devenez un v\u00e9rificateur de l\u2019accessibilit\u00e9 - CNIB Access Labs","robots":{"index":"index","follow":"follow","max-snippet":"max-snippet:-1","max-image-preview":"max-image-preview:large","max-video-preview":"max-video-preview:-1"},"canonical":"https:\/\/cnib-accesslabs.ca\/become-a-tester\/","og_locale":"fr_FR","og_type":"article","og_title":"Devenez un v\u00e9rificateur de l\u2019accessibilit\u00e9 - CNIB Access Labs","og_url":"https:\/\/cnib-accesslabs.ca\/become-a-tester\/","og_site_name":"CNIB Access Labs","article_modified_time":"2023-11-15T09:15:35+00:00","og_image":[{"url":"https:\/\/cnib-accesslabs.ca\/wp-content\/uploads\/2023\/08\/tester-banner-1024x683.webp","type":"","width":"","height":""}],"twitter_card":"summary_large_image","twitter_misc":{"Dur\u00e9e de lecture estim\u00e9e":"2 minutes"},"schema":{"@context":"https:\/\/schema.org","@graph":[{"@type":"WebPage","@id":"https:\/\/cnib-accesslabs.ca\/become-a-tester\/","url":"https:\/\/cnib-accesslabs.ca\/become-a-tester\/","name":"Devenez un v\u00e9rificateur de l\u2019accessibilit\u00e9 - CNIB Access Labs","isPartOf":{"@id":"https:\/\/cnib-accesslabs.ca\/#website"},"primaryImageOfPage":{"@id":"https:\/\/cnib-accesslabs.ca\/become-a-tester\/#primaryimage"},"image":{"@id":"https:\/\/cnib-accesslabs.ca\/become-a-tester\/#primaryimage"},"thumbnailUrl":"https:\/\/cnib-accesslabs.ca\/wp-content\/uploads\/2023\/08\/tester-banner-1024x683.webp","datePublished":"2023-08-09T03:45:43+00:00","dateModified":"2023-11-15T09:15:35+00:00","breadcrumb":{"@id":"https:\/\/cnib-accesslabs.ca\/become-a-tester\/#breadcrumb"},"inLanguage":"fr-FR","potentialAction":[{"@type":"ReadAction","target":["https:\/\/cnib-accesslabs.ca\/become-a-tester\/"]}]},{"@type":"ImageObject","inLanguage":"fr-FR","@id":"https:\/\/cnib-accesslabs.ca\/become-a-tester\/#primaryimage","url":"https:\/\/cnib-accesslabs.ca\/wp-content\/uploads\/2023\/08\/tester-banner-1024x683.webp","contentUrl":"https:\/\/cnib-accesslabs.ca\/wp-content\/uploads\/2023\/08\/tester-banner-1024x683.webp"},{"@type":"BreadcrumbList","@id":"https:\/\/cnib-accesslabs.ca\/become-a-tester\/#breadcrumb","itemListElement":[{"@type":"ListItem","position":1,"name":"Home","item":"https:\/\/cnib-accesslabs.ca\/fr\/"},{"@type":"ListItem","position":2,"name":"Devenez un v\u00e9rificateur de l\u2019accessibilit\u00e9"}]},{"@type":"WebSite","@id":"https:\/\/cnib-accesslabs.ca\/#website","url":"https:\/\/cnib-accesslabs.ca\/","name":"CNIB Access Labs","description":"","publisher":{"@id":"https:\/\/cnib-accesslabs.ca\/#organization"},"potentialAction":[{"@type":"SearchAction","target":{"@type":"EntryPoint","urlTemplate":"https:\/\/cnib-accesslabs.ca\/?s={search_term_string}"},"query-input":{"@type":"PropertyValueSpecification","valueRequired":true,"valueName":"search_term_string"}}],"inLanguage":"fr-FR"},{"@type":"Organization","@id":"https:\/\/cnib-accesslabs.ca\/#organization","name":"CNIB Access Labs","url":"https:\/\/cnib-accesslabs.ca\/","logo":{"@type":"ImageObject","inLanguage":"fr-FR","@id":"https:\/\/cnib-accesslabs.ca\/#\/schema\/logo\/image\/","url":"https:\/\/i0.wp.com\/cnib-accesslabs.ca\/wp-content\/uploads\/2023\/08\/23-0008-CNIB_FA_NEW-NAMES_ENG_v9_ACCLABS_FR-1.png?fit=4005%2C1499&ssl=1","contentUrl":"https:\/\/i0.wp.com\/cnib-accesslabs.ca\/wp-content\/uploads\/2023\/08\/23-0008-CNIB_FA_NEW-NAMES_ENG_v9_ACCLABS_FR-1.png?fit=4005%2C1499&ssl=1","width":4005,"height":1499,"caption":"CNIB Access Labs"},"image":{"@id":"https:\/\/cnib-accesslabs.ca\/#\/schema\/logo\/image\/"}}]}},"jetpack_sharing_enabled":true,"jetpack_shortlink":"https:\/\/wp.me\/Pehsta-16r","_links":{"self":[{"href":"https:\/\/cnib-accesslabs.ca\/fr\/wp-json\/wp\/v2\/pages\/4243","targetHints":{"allow":["GET"]}}],"collection":[{"href":"https:\/\/cnib-accesslabs.ca\/fr\/wp-json\/wp\/v2\/pages"}],"about":[{"href":"https:\/\/cnib-accesslabs.ca\/fr\/wp-json\/wp\/v2\/types\/page"}],"author":[{"embeddable":true,"href":"https:\/\/cnib-accesslabs.ca\/fr\/wp-json\/wp\/v2\/users\/196411451"}],"replies":[{"embeddable":true,"href":"https:\/\/cnib-accesslabs.ca\/fr\/wp-json\/wp\/v2\/comments?post=4243"}],"version-history":[{"count":12,"href":"https:\/\/cnib-accesslabs.ca\/fr\/wp-json\/wp\/v2\/pages\/4243\/revisions"}],"predecessor-version":[{"id":5526,"href":"https:\/\/cnib-accesslabs.ca\/fr\/wp-json\/wp\/v2\/pages\/4243\/revisions\/5526"}],"wp:attachment":[{"href":"https:\/\/cnib-accesslabs.ca\/fr\/wp-json\/wp\/v2\/media?parent=4243"}],"curies":[{"name":"wp","href":"https:\/\/api.w.org\/{rel}","templated":true}]}}